{"id":549,"date":"2021-11-05T12:33:45","date_gmt":"2021-11-05T12:33:45","guid":{"rendered":"https:\/\/demosites.royal-elementor-addons.com\/skincare-v1\/?page_id=549"},"modified":"2023-07-09T14:12:19","modified_gmt":"2023-07-09T14:12:19","slug":"about-us","status":"publish","type":"page","link":"https:\/\/dermatonova.com\/index.php\/about-us\/","title":{"rendered":"About Us"},"content":{"rendered":"<style>\/*! elementor - v3.14.0 - 26-06-2023 *\/\n.elementor-widget-image{text-align:center}.elementor-widget-image a{display:inline-block}.elementor-widget-image a img[src$=\".svg\"]{width:48px}.elementor-widget-image img{vertical-align:middle;display:inline-block}<\/style>\n<p>\t\t\t\t\t\t\t\t\t\t\t\t<img decoding=\"async\" width=\"682\" height=\"1024\" src=\"http:\/\/dermatonova.com\/wp-content\/uploads\/2023\/07\/EDICION-FOTO-682x1024.png\" alt=\"\" loading=\"lazy\" srcset=\"https:\/\/dermatonova.com\/wp-content\/uploads\/2023\/07\/EDICION-FOTO-682x1024.png 682w, https:\/\/dermatonova.com\/wp-content\/uploads\/2023\/07\/EDICION-FOTO-200x300.png 200w, https:\/\/dermatonova.com\/wp-content\/uploads\/2023\/07\/EDICION-FOTO-768x1152.png 768w, https:\/\/dermatonova.com\/wp-content\/uploads\/2023\/07\/EDICION-FOTO.png 853w\" sizes=\"(max-width: 682px) 100vw, 682px\" \/>\t\t\t\t\t\t\t\t\t\t\t\t\t\t\t<\/p>\n<style>\/*! elementor - v3.14.0 - 26-06-2023 *\/\n.elementor-heading-title{padding:0;margin:0;line-height:1}.elementor-widget-heading .elementor-heading-title[class*=elementor-size-]>a{color:inherit;font-size:inherit;line-height:inherit}.elementor-widget-heading .elementor-heading-title.elementor-size-small{font-size:15px}.elementor-widget-heading .elementor-heading-title.elementor-size-medium{font-size:19px}.elementor-widget-heading .elementor-heading-title.elementor-size-large{font-size:29px}.elementor-widget-heading .elementor-heading-title.elementor-size-xl{font-size:39px}.elementor-widget-heading .elementor-heading-title.elementor-size-xxl{font-size:59px}<\/style>\n<h2>Estamos comprometidos con la ense\u00f1anza,<\/h2>\n<h2>y hacemos realidad los deseos de emprender.<\/h2>\n<p>La misi\u00f3n de Dermato Nova es liderar la formaci\u00f3n de profesionales en el campo de la est\u00e9tica en Venezuela, brindando a los estudiantes t\u00e9cnicas y procedimientos est\u00e9ticos avanzados para mantenerlos a la vanguardia.<\/p>\n<p>\u00a0Nuestra visi\u00f3n es ser reconocidos como la instituci\u00f3n l\u00edder y m\u00e1s prestigiosa en el campo de la est\u00e9tica en Venezuela, y expandir nuestro alcance a nivel internacional. Nos esforzamos por ofrecer una formaci\u00f3n de alta calidad que cumpla con los est\u00e1ndares internacionales, manteni\u00e9ndonos actualizados con las \u00faltimas tendencias y t\u00e9cnicas en el campo de la est\u00e9tica.<\/p>\n<p>\t\t<a data-text=\"Go\" href=\"#link\"><br \/>\n\t\t\t\t\t\t\t\t\tAsesor\u00eda Personalizada \u2192<br \/>\n\t\t<\/a><\/p>\n<h2>Nuestros Valores<\/h2>\n<style>\/*! elementor - v3.14.0 - 26-06-2023 *\/\n.elementor-widget-image-box .elementor-image-box-content{width:100%}@media (min-width:768px){.elementor-widget-image-box.elementor-position-left .elementor-image-box-wrapper,.elementor-widget-image-box.elementor-position-right .elementor-image-box-wrapper{display:flex}.elementor-widget-image-box.elementor-position-right .elementor-image-box-wrapper{text-align:right;flex-direction:row-reverse}.elementor-widget-image-box.elementor-position-left .elementor-image-box-wrapper{text-align:left;flex-direction:row}.elementor-widget-image-box.elementor-position-top .elementor-image-box-img{margin:auto}.elementor-widget-image-box.elementor-vertical-align-top .elementor-image-box-wrapper{align-items:flex-start}.elementor-widget-image-box.elementor-vertical-align-middle .elementor-image-box-wrapper{align-items:center}.elementor-widget-image-box.elementor-vertical-align-bottom .elementor-image-box-wrapper{align-items:flex-end}}@media (max-width:767px){.elementor-widget-image-box .elementor-image-box-img{margin-left:auto!important;margin-right:auto!important;margin-bottom:15px}}.elementor-widget-image-box .elementor-image-box-img{display:inline-block}.elementor-widget-image-box .elementor-image-box-title a{color:inherit}.elementor-widget-image-box .elementor-image-box-wrapper{text-align:center}.elementor-widget-image-box .elementor-image-box-description{margin:0}<\/style>\n<h3><a href=\"https:\/\/demosites.royal-elementor-addons.com\/digital-marketing-agency-v2\/digital-consultant\/\">\u00c9tica:<\/a><\/h3>\n<p>La \u00e9tica es la base de todo lo que hacemos. Nos aseguramos de que nuestros estudiantes entiendan la importancia de la honestidad, la transparencia y la integridad en su trabajo. Promovemos la igualdad de oportunidades y el respeto por la diversidad cultural y \u00e9tnica, fomentando un ambiente inclusivo y acogedor para todos.\n<\/p>\n<h3><a href=\"https:\/\/demosites.royal-elementor-addons.com\/digital-marketing-agency-v2\/digital-consultant\/\">Confianza:<\/a><\/h3>\n<p>La confianza es fundamental en nuestro trabajo est\u00e9tico. Nuestros estudiantes aprenden a establecer relaciones de confianza con sus clientes, basadas en la comunicaci\u00f3n clara, el respeto y la confidencialidad. Nos aseguramos de que nuestros estudiantes est\u00e9n preparados para ofrecer un servicio de calidad, seguro y confiable.\n<\/p>\n<h3><a href=\"https:\/\/demosites.royal-elementor-addons.com\/digital-marketing-agency-v2\/digital-consultant\/\">Profesionalismo<\/a><\/h3>\n<p>El profesionalismo es nuestra m\u00e1xima prioridad. Nuestros estudiantes adquieren habilidades pr\u00e1cticas y te\u00f3ricas en un entorno de aprendizaje exigente y riguroso, y se preparan para enfrentar desaf\u00edos del mundo real con una mentalidad creativa y proactiva.\n<\/p>\n<h2>Nuestro Prop\u00f3sito<\/h2>\n<h2>M\u00e1s que una Academia<\/h2>\n<p>Dermato Nova fue fundada en 2018 con el objetivo de convertirse en la primera academia de est\u00e9tica profesional en Venezuela con certificaci\u00f3n internacional de reconocidos l\u00edderes en el campo de la belleza.\u00a0<\/p>\n<p>Desde nuestros inicios, hemos mantenido firmemente la convicci\u00f3n de que la \u00e9tica, la confianza y el profesionalismo son fundamentales para brindar una formaci\u00f3n acad\u00e9mica de calidad que est\u00e9 siempre a la vanguardia.<\/p>\n<p>\t\t<a data-text=\"Go\" href=\"#link\"><br \/>\n\t\t\t\t\t\t\t\t\tCont\u00e1ctanos \u2192<br \/>\n\t\t<\/a><\/p>\n<div class=\"ast-oembed-container\" style=\"height: 100%;\"><iframe loading=\"lazy\" title=\"IMG_8853\" src=\"https:\/\/player.vimeo.com\/video\/843631847?dnt=1&amp;app_id=122963\" width=\"500\" height=\"281\" frameborder=\"0\" allow=\"autoplay; fullscreen; picture-in-picture; clipboard-write\"><\/iframe><\/div>\n<h2>Equipo Dermato Nova<\/h2>\n<h2>Profesionales de Est\u00e9tica Avanzada<\/h2>\n<p>\t\t\t\t\t<img decoding=\"async\" src=\"http:\/\/dermatonova.com\/wp-content\/uploads\/2023\/07\/IMG_9547.jpg\" alt=\"Ver\u00f3nica Bol\u00edvar\"><\/p>\n<h3>Ver\u00f3nica Bol\u00edvar<\/h3>\n<p>\t\t\t\t\t\t\tFundadora | CEO<br \/>\n\t\t\t\t\t\t\tLorem ipsum dolor sit amet, consectetur adipiscing elit. Curabitur laoreet cursus volutpat. Aliquam sit amet ligula et justo tincidunt laorsoet non vitae lorem.<\/p>\n<p>Dermato Nova fue fundada en 2018 con el objetivo de convertirse en la primera academia de est\u00e9tica profesional en Venezuela con certificaci\u00f3n internacional de reconocidos l\u00edderes en el campo de la belleza.\u00a0<\/p>\n<p>Desde nuestros inicios, hemos mantenido firmemente la convicci\u00f3n de que la \u00e9tica, la confianza y el profesionalismo son fundamentales para brindar una formaci\u00f3n acad\u00e9mica de calidad que est\u00e9 siempre a la vanguardia.<\/p>\n<p>\t\t<a data-text=\"Go\" href=\"#link\"><br \/>\n\t\t\t\t\t\t\t\t\tCon\u00f3celos \u2192<br \/>\n\t\t<\/a><\/p>\n<h2>Experiencia 360<\/h2>\n<h2>Te acompanamos en todo momento, <\/h2>\n<h2>porque queremos verte crecer.<\/h2>\n<p>Nuestra Experiencia 360 se centra en ofrecer un apoyo integral antes, durante y despu\u00e9s de la formaci\u00f3n, compromeyidos a brindar a nuestros estudiantes una experiencia completa y enriquecedora, adem\u00e1s de proporcionar acceso a una amplia red de oportunidades laborales en el campo de la belleza y el cuidado de la piel.<\/p>\n<link rel=\"stylesheet\" href=\"https:\/\/dermatonova.com\/wp-content\/plugins\/elementor\/assets\/css\/widget-icon-list.min.css\">\n<ul>\n<li>\n\t\t\t\t\t\t\t\t\t\tPlan de estudios personalizado y Orientaci\u00f3n Educativa.\n\t\t\t\t\t\t\t\t\t<\/li>\n<li>\n\t\t\t\t\t\t\t\t\t\tMateriales didacticos y Equipos y tecnolog\u00eda de vanguardia\n\t\t\t\t\t\t\t\t\t<\/li>\n<li>\n\t\t\t\t\t\t\t\t\t\tProfesionales en Activo y Red de Oportunidades Laborales\n\t\t\t\t\t\t\t\t\t<\/li>\n<li>\n\t\t\t\t\t\t\t\t\t\tActualizaci\u00f3n continua y Acceso a Descuentos.\n\t\t\t\t\t\t\t\t\t<\/li>\n<\/ul>\n<p>\t\t\t\t\t\t\t\t\t\t\t\t\t\t\t<img decoding=\"async\" width=\"1024\" height=\"683\" src=\"http:\/\/dermatonova.com\/wp-content\/uploads\/2023\/07\/mujer-teniendo-tratamiento-facial-1024x683.png\" alt=\"\" loading=\"lazy\" srcset=\"https:\/\/dermatonova.com\/wp-content\/uploads\/2023\/07\/mujer-teniendo-tratamiento-facial-1024x683.png 1024w, https:\/\/dermatonova.com\/wp-content\/uploads\/2023\/07\/mujer-teniendo-tratamiento-facial-300x200.png 300w, https:\/\/dermatonova.com\/wp-content\/uploads\/2023\/07\/mujer-teniendo-tratamiento-facial-768x512.png 768w, https:\/\/dermatonova.com\/wp-content\/uploads\/2023\/07\/mujer-teniendo-tratamiento-facial-1536x1024.png 1536w, https:\/\/dermatonova.com\/wp-content\/uploads\/2023\/07\/mujer-teniendo-tratamiento-facial-2048x1365.png 2048w\" sizes=\"(max-width: 1024px) 100vw, 1024px\" \/>\t\t\t\t\t\t\t\t\t\t\t\t\t\t\t<\/p>\n<style>\/*! elementor - v3.14.0 - 26-06-2023 *\/\n.elementor-column .elementor-spacer-inner{height:var(--spacer-size)}.e-con{--container-widget-width:100%}.e-con-inner>.elementor-widget-spacer,.e-con>.elementor-widget-spacer{width:var(--container-widget-width,var(--spacer-size));--align-self:var(--container-widget-align-self,initial);--flex-shrink:0}.e-con-inner>.elementor-widget-spacer>.elementor-widget-container,.e-con-inner>.elementor-widget-spacer>.elementor-widget-container>.elementor-spacer,.e-con>.elementor-widget-spacer>.elementor-widget-container,.e-con>.elementor-widget-spacer>.elementor-widget-container>.elementor-spacer{height:100%}.e-con-inner>.elementor-widget-spacer>.elementor-widget-container>.elementor-spacer>.elementor-spacer-inner,.e-con>.elementor-widget-spacer>.elementor-widget-container>.elementor-spacer>.elementor-spacer-inner{height:var(--container-widget-height,var(--spacer-size))}<\/style>\n<h2>Nos importa tu opini\u00f3n y nos avalan los resultados:<\/h2>\n<p>\t\t\t\t\t\t\tJohn Doe<br \/>\n\t\t\t\t\t\t\tSony CEO<\/p>\n<p><p>&#8220;Lorem ipsum dolor sit amet, consectetur adipiscing elit. Curabitur laoreet cursus volutpat. Aliquam sit amet ligula et justo tincidunt laoreet non vitae lorem. Aliquam porttitor tellus enim, eget commodo augue porta ut. Maecenas lobortis ligula vel tellus sagittis ullamcorperv vestibulum pellentesque cursutu.&#8221;<\/p>\n<\/p>\n<p>\t\t\t\t<img decoding=\"async\" src=\"http:\/\/dermatonova.com\/wp-content\/uploads\/2023\/07\/testimonial-2.jpg\" alt=\"Tom Jones\"><br \/>\n\t\t\t\t\t\t\tTom Jones<br \/>\n\t\t\t\t\t\t\tTesla CMO<\/p>\n<p>Lorem ipsum dolor sit amet, consectetur adipiscing elit. Curabitur laoreet cursus volutpat. Aliquam sit amet ligula et justo tincidunt laoreet non vitae lorem. Aliquam porttitor tellus enim, eget commodo augue porta ut. Maecenas lobortis ligula vel tellus sagittis ullamcorperv vestibulum pellentesque cursutu.<\/p>\n<p>\t\t\t\t<img decoding=\"async\" src=\"http:\/\/dermatonova.com\/wp-content\/uploads\/2023\/07\/testimonial-3.jpg\" alt=\"Mark Wilson\"><br \/>\n\t\t\t\t\t\t\tMark Wilson<br \/>\n\t\t\t\t\t\t\tApple Manager<\/p>\n<p>Lorem ipsum dolor sit amet, consectetur adipiscing elit. Curabitur laoreet cursus volutpat. Aliquam sit amet ligula et justo tincidunt laoreet non vitae lorem. Aliquam porttitor tellus enim, eget commodo augue porta ut. Maecenas lobortis ligula vel tellus sagittis ullamcorperv vestibulum pellentesque cursutu.<\/p>\n<p>\t\t\t\t\t<svg version=\"1.1\" xmlns=\"http:\/\/www.w3.org\/2000\/svg\" xmlns:xlink=\"http:\/\/www.w3.org\/1999\/xlink\" x=\"0px\" y=\"0px\" viewBox=\"0 0 283.4 512\" style=\"enable-background:new 0 0 283.4 512;\" xml:space=\"preserve\"><g><polygon points=\"54.5,256.3 283.4,485.1 256.1,512.5 0,256.3 0,256.3 27.2,229 256.1,0 283.4,27.4 \"\/><\/g><\/svg><br \/>\n\t\t\t\t\t<svg version=\"1.1\" xmlns=\"http:\/\/www.w3.org\/2000\/svg\" xmlns:xlink=\"http:\/\/www.w3.org\/1999\/xlink\" x=\"0px\" y=\"0px\" viewBox=\"0 0 283.4 512\" style=\"enable-background:new 0 0 283.4 512;\" xml:space=\"preserve\"><g><polygon points=\"54.5,256.3 283.4,485.1 256.1,512.5 0,256.3 0,256.3 27.2,229 256.1,0 283.4,27.4 \"\/><\/g><\/svg>\t\t\t\t<\/p>\n<h2>Preguntas Frecuentes:<\/h2>\n<style>\/*! elementor - v3.14.0 - 26-06-2023 *\/\n.elementor-accordion{text-align:left}.elementor-accordion .elementor-accordion-item{border:1px solid #d5d8dc}.elementor-accordion .elementor-accordion-item+.elementor-accordion-item{border-top:none}.elementor-accordion .elementor-tab-title{margin:0;padding:15px 20px;font-weight:700;line-height:1;cursor:pointer;outline:none}.elementor-accordion .elementor-tab-title .elementor-accordion-icon{display:inline-block;width:1.5em}.elementor-accordion .elementor-tab-title .elementor-accordion-icon svg{width:1em;height:1em}.elementor-accordion .elementor-tab-title .elementor-accordion-icon.elementor-accordion-icon-right{float:right;text-align:right}.elementor-accordion .elementor-tab-title .elementor-accordion-icon.elementor-accordion-icon-left{float:left;text-align:left}.elementor-accordion .elementor-tab-title .elementor-accordion-icon .elementor-accordion-icon-closed{display:block}.elementor-accordion .elementor-tab-title .elementor-accordion-icon .elementor-accordion-icon-opened,.elementor-accordion .elementor-tab-title.elementor-active .elementor-accordion-icon-closed{display:none}.elementor-accordion .elementor-tab-title.elementor-active .elementor-accordion-icon-opened{display:block}.elementor-accordion .elementor-tab-content{display:none;padding:15px 20px;border-top:1px solid #d5d8dc}@media (max-width:767px){.elementor-accordion .elementor-tab-title{padding:12px 15px}.elementor-accordion .elementor-tab-title .elementor-accordion-icon{width:1.2em}.elementor-accordion .elementor-tab-content{padding:7px 15px}}.e-con-inner>.elementor-widget-accordion,.e-con>.elementor-widget-accordion{width:var(--container-widget-width);--flex-grow:var(--container-widget-flex-grow)}<\/style>\n<p>\t\t\t\t\t\t\t\t\t\t\t\t<a tabindex=\"0\">Necesito formaci\u00f3n previa para poder cursar las capacitaciones?<\/a><\/p>\n<p>The status of international company may be granted to a CA enterprise in any of the following cases:<\/p>\n<p>a) if the enterprise has at least two years of experience in carrying out the permitted activities, on the basis of which it applies to obtain the status;<\/p>\n<p>b) if the enterprise is a representative of a non-resident enterprise, which has at least two years of experience in the permitted activities.<\/p>\n<p>\t\t\t\t\t\t\t\t\t\t\t\t<a tabindex=\"0\">Las formaciones son te\u00f3rico pr\u00e1cticas?<\/a><\/p>\n<p>VZEs are fully exempt from Corporate Income Tax on profit that the company gets from provision of Information Technologies (services) outside of CA; They are fully exempt from VAT on provision of Information Technologies outside of CA. As a result, normally, companies pay only 5% dividend tax on the dividends distributed to the shareholder. And that\u2019s it.<\/p>\n<p>\t\t\t\t\t\t\t\t\t\t\t\t<a tabindex=\"0\">Las formaciones son \u00fanicamente presenciales?<\/a><\/p>\n<p>There are couple of ways:<\/p>\n<p>\u25cf\u00a0\u00a0\u00a0\u00a0\u00a0Obtain tax residency on the basis of being a high net worth individual.<\/p>\n<p>\u25cf\u00a0\u00a0\u00a0\u00a0\u00a0You may stay in CA for any 183 days within 12 months period;<\/p>\n<p>\u25cf\u00a0\u00a0\u00a0\u00a0\u00a0Obtain tax residency on the basis of being a high net worth individual.<\/p>\n<p>\u25cf\u00a0\u00a0\u00a0\u00a0\u00a0You may stay in CA for any 183 days within 12 months period;<\/p>\n<p>\t\t\t\t\t\t\t\t\t\t\t\t<a tabindex=\"0\">La titulaci\u00f3n que recibo est\u00e1 avalada?<\/a><\/p>\n<p>Virtual Zone Entity (VZE) is an LLC or JSC which is registered in CA, which provides Information Technology (IT) services abroad and gets the status from CA authorities.<\/p>\n<p>Under Information Technology, CA tax code defines following activities: the study, support, development, design, production, and implementation of computer information systems, as a result of which software products are obtained.<\/p>\n<p>\t\t\t\t\t\t\t\t\t\t\t\t<a tabindex=\"0\">Cuentan con instalaciones equipadas para la ense\u00f1anza en est\u00e9tica?<\/a><\/p>\n<p>Virtual Zone Entity (VZE) is an LLC or JSC which is registered in CA, which provides Information Technology (IT) services abroad and gets the status from CA authorities.<\/p>\n<p>Under Information Technology, CA tax code defines following activities: the study, support, development, design, production, and implementation of computer information systems, as a result of which software products are obtained.<\/p>\n<p>\t\t\t\t\t\t\t\t\t\t\t\t<a tabindex=\"0\">Cu\u00e1l es la edad m\u00ednima para poder cursar la formaci\u00f3n?<\/a><\/p>\n<p>Virtual Zone Entity (VZE) is an LLC or JSC which is registered in CA, which provides Information Technology (IT) services abroad and gets the status from CA authorities.<\/p>\n<p>Under Information Technology, CA tax code defines following activities: the study, support, development, design, production, and implementation of computer information systems, as a result of which software products are obtained.<\/p>\n<p>\t\t\t\t\t\t\t\t\t\t\t\t<a tabindex=\"0\">Cursar una formaci\u00f3n me hace ya especialista en est\u00e9tica?<\/a><\/p>\n<p>The status of international company may be granted to a CA enterprise in any of the following cases:<\/p>\n<p>a) if the enterprise has at least two years of experience in carrying out the permitted activities, on the basis of which it applies to obtain the status;<\/p>\n<p>b) if the enterprise is a representative of a non-resident enterprise, which has at least two years of experience in the permitted activities.<\/p>\n<p>\t\t\t\t\t\t\t\t\t\t\t\t<a tabindex=\"0\">Debo contar con material o insumos para poder cursar la formaci\u00f3n?<\/a><\/p>\n<p>The status of international company may be granted to a CA enterprise in any of the following cases:<\/p>\n<p>a) if the enterprise has at least two years of experience in carrying out the permitted activities, on the basis of which it applies to obtain the status;<\/p>\n<p>b) if the enterprise is a representative of a non-resident enterprise, which has at least two years of experience in the permitted activities.<\/p>\n<p>\t\t\t\t\t\t\t\t\t\t\t\t<a tabindex=\"0\">Al culminar y recibir mi certificaci\u00f3n ya puedo trabajar legalmente?<\/a><\/p>\n<p>There are couple of ways:<\/p>\n<p>\u25cf\u00a0\u00a0\u00a0\u00a0\u00a0You may stay in CA for any 183 days within 12 months period;<\/p>\n<p>\u25cf\u00a0\u00a0\u00a0\u00a0\u00a0Obtain tax residency on the basis of being a high net worth individual.<\/p>\n<p>\t\t\t\t\t\t\t\t\t\t\t\t<a tabindex=\"0\">Ofrecen opciones de financiaci\u00f3n para costear las formaciones?<\/a><\/p>\n<p>VZEs are fully exempt from Corporate Income Tax on profit that the company gets from provision of Information Technologies (services) outside of CA; They are fully exempt from VAT on provision of Information Technologies outside of CA. As a result, normally, companies pay only 5% dividend tax on the dividends distributed to the shareholder. And that\u2019s it.<\/p>\n","protected":false},"excerpt":{"rendered":"<p>Estamos comprometidos con la ense\u00f1anza, y hacemos realidad los deseos de emprender. La misi\u00f3n de Dermato Nova es liderar la formaci\u00f3n de profesionales en el campo de la est\u00e9tica en Venezuela, brindando a los estudiantes t\u00e9cnicas y procedimientos est\u00e9ticos avanzados para mantenerlos a la vanguardia. \u00a0Nuestra visi\u00f3n es ser reconocidos como la instituci\u00f3n l\u00edder y &hellip;<\/p>\n<p class=\"read-more\"> <a class=\"\" href=\"https:\/\/dermatonova.com\/index.php\/about-us\/\"> <span class=\"screen-reader-text\">About Us<\/span> Read More &raquo;<\/a><\/p>\n","protected":false},"author":1,"featured_media":0,"parent":0,"menu_order":0,"comment_status":"closed","ping_status":"closed","template":"elementor_canvas","meta":{"site-sidebar-layout":"default","site-content-layout":"default","ast-global-header-display":"","ast-banner-title-visibility":"","ast-main-header-display":"","ast-hfb-above-header-display":"","ast-hfb-below-header-display":"","ast-hfb-mobile-header-display":"","site-post-title":"","ast-breadcrumbs-content":"","ast-featured-img":"","footer-sml-layout":"","theme-transparent-header-meta":"","adv-header-id-meta":"","stick-header-meta":"","header-above-stick-meta":"","header-main-stick-meta":"","header-below-stick-meta":"","footnotes":""},"class_list":["post-549","page","type-page","status-publish","hentry"],"_links":{"self":[{"href":"https:\/\/dermatonova.com\/index.php\/wp-json\/wp\/v2\/pages\/549"}],"collection":[{"href":"https:\/\/dermatonova.com\/index.php\/wp-json\/wp\/v2\/pages"}],"about":[{"href":"https:\/\/dermatonova.com\/index.php\/wp-json\/wp\/v2\/types\/page"}],"author":[{"embeddable":true,"href":"https:\/\/dermatonova.com\/index.php\/wp-json\/wp\/v2\/users\/1"}],"replies":[{"embeddable":true,"href":"https:\/\/dermatonova.com\/index.php\/wp-json\/wp\/v2\/comments?post=549"}],"version-history":[{"count":99,"href":"https:\/\/dermatonova.com\/index.php\/wp-json\/wp\/v2\/pages\/549\/revisions"}],"predecessor-version":[{"id":2625,"href":"https:\/\/dermatonova.com\/index.php\/wp-json\/wp\/v2\/pages\/549\/revisions\/2625"}],"wp:attachment":[{"href":"https:\/\/dermatonova.com\/index.php\/wp-json\/wp\/v2\/media?parent=549"}],"curies":[{"name":"wp","href":"https:\/\/api.w.org\/{rel}","templated":true}]}}